{"id":8,"date":"2020-01-25T17:58:49","date_gmt":"2020-01-25T17:58:49","guid":{"rendered":"http:\/\/www.mazowsze-parts.pl\/?page_id=8"},"modified":"2020-01-25T18:05:14","modified_gmt":"2020-01-25T18:05:14","slug":"strona-glowna","status":"publish","type":"page","link":"https:\/\/www.mazowsze-parts.pl\/","title":{"rendered":"O nas"},"content":{"rendered":"\n<p>Oferujemy cz\u0119\u015bci zamienne do w\u00f3zk\u00f3w wid\u0142owych Mitsubishi i Caterpillar. Jeste\u015bmy oficjalnym dystrybutorem na Mazowszu, w ofercie posiadamy pe\u0142en asortyment cz\u0119\u015bci zamiennych MCFE.<\/p>\n\n\n\n<p class=\"has-text-align-center\">&#8230;strona w przygotowaniu&#8230;<br>&#8230;under construction&#8230;\n\n<\/p>\n\n\n\n<p><\/p>\n","protected":false},"excerpt":{"rendered":"<p>Oferujemy cz\u0119\u015bci zamienne do w\u00f3zk\u00f3w wid\u0142owych Mitsubishi i Caterpillar. Jeste\u015bmy oficjalnym dystrybutorem na Mazowszu, w ofercie posiadamy pe\u0142en asortyment cz\u0119\u015bci zamiennych MCFE. &#8230;strona w przygotowaniu&#8230;&#8230;under construction&#8230;<\/p>\n","protected":false},"author":2,"featured_media":0,"parent":0,"menu_order":0,"comment_status":"closed","ping_status":"closed","template":"","meta":{"footnotes":""},"class_list":["post-8","page","type-page","status-publish","hentry"],"_links":{"self":[{"href":"https:\/\/www.mazowsze-parts.pl\/index.php\/wp-json\/wp\/v2\/pages\/8","targetHints":{"allow":["GET"]}}],"collection":[{"href":"https:\/\/www.mazowsze-parts.pl\/index.php\/wp-json\/wp\/v2\/pages"}],"about":[{"href":"https:\/\/www.mazowsze-parts.pl\/index.php\/wp-json\/wp\/v2\/types\/page"}],"author":[{"embeddable":true,"href":"https:\/\/www.mazowsze-parts.pl\/index.php\/wp-json\/wp\/v2\/users\/2"}],"replies":[{"embeddable":true,"href":"https:\/\/www.mazowsze-parts.pl\/index.php\/wp-json\/wp\/v2\/comments?post=8"}],"version-history":[{"count":3,"href":"https:\/\/www.mazowsze-parts.pl\/index.php\/wp-json\/wp\/v2\/pages\/8\/revisions"}],"predecessor-version":[{"id":32,"href":"https:\/\/www.mazowsze-parts.pl\/index.php\/wp-json\/wp\/v2\/pages\/8\/revisions\/32"}],"wp:attachment":[{"href":"https:\/\/www.mazowsze-parts.pl\/index.php\/wp-json\/wp\/v2\/media?parent=8"}],"curies":[{"name":"wp","href":"https:\/\/api.w.org\/{rel}","templated":true}]}}